{"id":5,"date":"2020-07-17T13:14:03","date_gmt":"2020-07-17T13:14:03","guid":{"rendered":"https:\/\/georgschnock.com\/?page_id=5"},"modified":"2021-01-16T12:35:59","modified_gmt":"2021-01-16T11:35:59","slug":"home","status":"publish","type":"page","link":"https:\/\/georgschnock.com\/","title":{"rendered":"home"},"content":{"rendered":"\n\n\n\n<p><\/p>\n\n\n\n<p>Als K\u00fcnstler und Geograf\u00a0bedeutet es mir viel den Betrachter zum Nachdenken zu bewegen und neue Sichtweisen darzulegen. Dabei hinterfrage ich gesellschaftliche Normen und Tabuthemen. Geschichten und Perspektiven zu entwickeln und zu visualisieren haben mich dazu bewegt, den Weg der Bildgestaltung zu beschreiten.<\/p>\n\n\n\n<p>Vor meinem Studium an der Fotoakademie in K\u00f6ln arbeitete ich an zahlreichen Filmproduktionen mit, kreierte Kurzfilme in Eigenregie und gewann den UNESCO-Wettbewerb \u201eMobiler Alltag 2023\u201c. Fotografie-Ausstellungen hatte ich bereits im Frauenmuseum (Bonn), in der Alten VHS (Bonn) und im Rahmen der Internationalen Photoszene (K\u00f6ln).<\/p>\n\n\n\n<p>Abstraktionen und der &#8211; k\u00fcnstlerisch inszenierte &#8211; Mensch spielen in meinen Fotografien eine entscheidende Rolle. So auch in meiner an Gem\u00e4lde anmutenden Diplomserie \u00fcber abstrahierte Rituale.<\/p>\n\n\n\n<p>Ich w\u00fcnsche bewegende Eindr\u00fccke. <\/p>\n\n\n\n<p>Georg Schnock<\/p>\n","protected":false},"excerpt":{"rendered":"<p>Als K\u00fcnstler und Geograf\u00a0bedeutet es mir viel den Betrachter zum Nachdenken zu bewegen und neue Sichtweisen darzulegen. Dabei hinterfrage ich gesellschaftliche Normen und Tabuthemen. Geschichten und Perspektiven zu entwickeln und zu visualisieren haben mich dazu bewegt, den Weg der Bildgestaltung zu beschreiten. Vor meinem Studium an der Fotoakademie in K\u00f6ln arbeitete ich an zahlreichen Filmproduktionen [&hellip;]<\/p>\n","protected":false},"author":1,"featured_media":0,"parent":0,"menu_order":0,"comment_status":"closed","ping_status":"closed","template":"","meta":{"ocean_post_layout":"","ocean_both_sidebars_style":"","ocean_both_sidebars_content_width":0,"ocean_both_sidebars_sidebars_width":0,"ocean_sidebar":"0","ocean_second_sidebar":"0","ocean_disable_margins":"enable","ocean_add_body_class":"","ocean_shortcode_before_top_bar":"","ocean_shortcode_after_top_bar":"","ocean_shortcode_before_header":"","ocean_shortcode_after_header":"","ocean_has_shortcode":"","ocean_shortcode_after_title":"","ocean_shortcode_before_footer_widgets":"","ocean_shortcode_after_footer_widgets":"","ocean_shortcode_before_footer_bottom":"","ocean_shortcode_after_footer_bottom":"","ocean_display_top_bar":"default","ocean_display_header":"default","ocean_header_style":"","ocean_center_header_left_menu":"0","ocean_custom_header_template":"0","ocean_custom_logo":0,"ocean_custom_retina_logo":0,"ocean_custom_logo_max_width":0,"ocean_custom_logo_tablet_max_width":0,"ocean_custom_logo_mobile_max_width":0,"ocean_custom_logo_max_height":0,"ocean_custom_logo_tablet_max_height":0,"ocean_custom_logo_mobile_max_height":0,"ocean_header_custom_menu":"0","ocean_menu_typo_font_family":"0","ocean_menu_typo_font_subset":"","ocean_menu_typo_font_size":0,"ocean_menu_typo_font_size_tablet":0,"ocean_menu_typo_font_size_mobile":0,"ocean_menu_typo_font_size_unit":"px","ocean_menu_typo_font_weight":"","ocean_menu_typo_font_weight_tablet":"","ocean_menu_typo_font_weight_mobile":"","ocean_menu_typo_transform":"","ocean_menu_typo_transform_tablet":"","ocean_menu_typo_transform_mobile":"","ocean_menu_typo_line_height":0,"ocean_menu_typo_line_height_tablet":0,"ocean_menu_typo_line_height_mobile":0,"ocean_menu_typo_line_height_unit":"","ocean_menu_typo_spacing":0,"ocean_menu_typo_spacing_tablet":0,"ocean_menu_typo_spacing_mobile":0,"ocean_menu_typo_spacing_unit":"","ocean_menu_link_color":"","ocean_menu_link_color_hover":"","ocean_menu_link_color_active":"","ocean_menu_link_background":"","ocean_menu_link_hover_background":"","ocean_menu_link_active_background":"","ocean_menu_social_links_bg":"","ocean_menu_social_hover_links_bg":"","ocean_menu_social_links_color":"","ocean_menu_social_hover_links_color":"","ocean_disable_title":"default","ocean_disable_heading":"default","ocean_post_title":"","ocean_post_subheading":"","ocean_post_title_style":"","ocean_post_title_background_color":"","ocean_post_title_background":0,"ocean_post_title_bg_image_position":"","ocean_post_title_bg_image_attachment":"","ocean_post_title_bg_image_repeat":"","ocean_post_title_bg_image_size":"","ocean_post_title_height":0,"ocean_post_title_bg_overlay":0.5,"ocean_post_title_bg_overlay_color":"","ocean_disable_breadcrumbs":"default","ocean_breadcrumbs_color":"","ocean_breadcrumbs_separator_color":"","ocean_breadcrumbs_links_color":"","ocean_breadcrumbs_links_hover_color":"","ocean_display_footer_widgets":"default","ocean_display_footer_bottom":"default","ocean_custom_footer_template":"0","footnotes":""},"class_list":["post-5","page","type-page","status-publish","hentry","entry"],"_links":{"self":[{"href":"https:\/\/georgschnock.com\/index.php\/wp-json\/wp\/v2\/pages\/5","targetHints":{"allow":["GET"]}}],"collection":[{"href":"https:\/\/georgschnock.com\/index.php\/wp-json\/wp\/v2\/pages"}],"about":[{"href":"https:\/\/georgschnock.com\/index.php\/wp-json\/wp\/v2\/types\/page"}],"author":[{"embeddable":true,"href":"https:\/\/georgschnock.com\/index.php\/wp-json\/wp\/v2\/users\/1"}],"replies":[{"embeddable":true,"href":"https:\/\/georgschnock.com\/index.php\/wp-json\/wp\/v2\/comments?post=5"}],"version-history":[{"count":11,"href":"https:\/\/georgschnock.com\/index.php\/wp-json\/wp\/v2\/pages\/5\/revisions"}],"predecessor-version":[{"id":1260,"href":"https:\/\/georgschnock.com\/index.php\/wp-json\/wp\/v2\/pages\/5\/revisions\/1260"}],"wp:attachment":[{"href":"https:\/\/georgschnock.com\/index.php\/wp-json\/wp\/v2\/media?parent=5"}],"curies":[{"name":"wp","href":"https:\/\/api.w.org\/{rel}","templated":true}]}}